{"id":28,"date":"2025-06-17T21:45:39","date_gmt":"2025-06-17T19:45:39","guid":{"rendered":"https:\/\/liveboat.at\/?page_id=28"},"modified":"2026-04-09T15:30:53","modified_gmt":"2026-04-09T13:30:53","slug":"ahoi","status":"publish","type":"page","link":"https:\/\/liveboat.at\/","title":{"rendered":"ahoi"},"content":{"rendered":"<div class=\"wp-block-image\">\n<figure class=\"aligncenter size-full is-resized\"><img loading=\"lazy\" decoding=\"async\" width=\"2560\" height=\"2560\" src=\"https:\/\/liveboat.at\/wp-content\/uploads\/2026\/03\/LIVEBOAT_Logo2-scaled.png\" alt=\"\" class=\"wp-image-113\" style=\"width:142px;height:auto\" srcset=\"https:\/\/liveboat.at\/wp-content\/uploads\/2026\/03\/LIVEBOAT_Logo2-scaled.png 2560w, https:\/\/liveboat.at\/wp-content\/uploads\/2026\/03\/LIVEBOAT_Logo2-300x300.png 300w, https:\/\/liveboat.at\/wp-content\/uploads\/2026\/03\/LIVEBOAT_Logo2-1024x1024.png 1024w, https:\/\/liveboat.at\/wp-content\/uploads\/2026\/03\/LIVEBOAT_Logo2-150x150.png 150w, https:\/\/liveboat.at\/wp-content\/uploads\/2026\/03\/LIVEBOAT_Logo2-768x768.png 768w, https:\/\/liveboat.at\/wp-content\/uploads\/2026\/03\/LIVEBOAT_Logo2-1536x1536.png 1536w, https:\/\/liveboat.at\/wp-content\/uploads\/2026\/03\/LIVEBOAT_Logo2-2048x2048.png 2048w, https:\/\/liveboat.at\/wp-content\/uploads\/2026\/03\/LIVEBOAT_Logo2-1200x1200.png 1200w\" sizes=\"auto, (max-width: 709px) 85vw, (max-width: 909px) 67vw, (max-width: 1362px) 62vw, 840px\" \/><\/figure>\n<\/div>\n\n\n<blockquote class=\"wp-block-quote is-layout-flow wp-block-quote-is-layout-flow\">\n<p>Ahoi.<\/p>\n\n\n\n<p>Manche Fahrten enden fr\u00fcher als geplant.<br>Aber wer einmal auf der Donau abgelegt hat, wei\u00df: Die Reise geht weiter.<\/p>\n\n\n\n<p>Die <strong>LIVE BOAT GmbH<\/strong> setzt den Kurs neu.<br>Mit mehr Erfahrung im Gep\u00e4ck, klarerem Blick \u2013 und der Donau vor uns.<\/p>\n\n\n\n<p><strong>LIVE BOAT 2.0<\/strong> kommt.<\/p>\n\n\n\n<p>Wann und wie?<br>Das erfahrt ihr bald.<\/p>\n\n\n\n<p>Bis dahin:<br>Bleibt an Deck.<\/p>\n\n\n\n<p>Ahoi \u2693<\/p>\n<\/blockquote>\n\n\n\n<div class=\"wp-block-buttons is-content-justification-center is-layout-flex wp-container-core-buttons-is-layout-16018d1d wp-block-buttons-is-layout-flex\">\n<div class=\"wp-block-button\"><a class=\"wp-block-button__link has-text-align-center wp-element-button\" href=\"https:\/\/liveboat.at\/?page_id=61\">Datenschutz<\/a><\/div>\n\n\n\n<div class=\"wp-block-button\"><a class=\"wp-block-button__link has-text-align-center wp-element-button\" href=\"https:\/\/liveboat.at\/?page_id=59\">Impressum<\/a><\/div>\n<\/div>\n","protected":false},"excerpt":{"rendered":"<p>Ahoi. Manche Fahrten enden fr\u00fcher als geplant.Aber wer einmal auf der Donau abgelegt hat, wei\u00df: Die Reise geht weiter. Die LIVE BOAT GmbH setzt den Kurs neu.Mit mehr Erfahrung im Gep\u00e4ck, klarerem Blick \u2013 und der Donau vor uns. LIVE BOAT 2.0 kommt. Wann und wie?Das erfahrt ihr bald. Bis dahin:Bleibt an Deck. Ahoi \u2693<\/p>\n","protected":false},"author":1,"featured_media":0,"parent":0,"menu_order":0,"comment_status":"closed","ping_status":"closed","template":"","meta":{"footnotes":""},"class_list":["post-28","page","type-page","status-publish","hentry"],"_links":{"self":[{"href":"https:\/\/liveboat.at\/index.php?rest_route=\/wp\/v2\/pages\/28","targetHints":{"allow":["GET"]}}],"collection":[{"href":"https:\/\/liveboat.at\/index.php?rest_route=\/wp\/v2\/pages"}],"about":[{"href":"https:\/\/liveboat.at\/index.php?rest_route=\/wp\/v2\/types\/page"}],"author":[{"embeddable":true,"href":"https:\/\/liveboat.at\/index.php?rest_route=\/wp\/v2\/users\/1"}],"replies":[{"embeddable":true,"href":"https:\/\/liveboat.at\/index.php?rest_route=%2Fwp%2Fv2%2Fcomments&post=28"}],"version-history":[{"count":37,"href":"https:\/\/liveboat.at\/index.php?rest_route=\/wp\/v2\/pages\/28\/revisions"}],"predecessor-version":[{"id":125,"href":"https:\/\/liveboat.at\/index.php?rest_route=\/wp\/v2\/pages\/28\/revisions\/125"}],"wp:attachment":[{"href":"https:\/\/liveboat.at\/index.php?rest_route=%2Fwp%2Fv2%2Fmedia&parent=28"}],"curies":[{"name":"wp","href":"https:\/\/api.w.org\/{rel}","templated":true}]}}